{"id":282,"date":"2023-05-29T09:54:33","date_gmt":"2023-05-29T09:54:33","guid":{"rendered":"https:\/\/tomcat.li\/?page_id=282"},"modified":"2023-05-29T11:34:51","modified_gmt":"2023-05-29T11:34:51","slug":"downloads","status":"publish","type":"page","link":"https:\/\/tomcat.li\/index.php\/downloads\/","title":{"rendered":"Downloads"},"content":{"rendered":"<p>[et_pb_section fb_built=&#187;1&#8243; fullwidth=&#187;on&#187; _builder_version=&#187;4.21.0&#8243; _module_preset=&#187;default&#187; global_colors_info=&#187;{}&#187;][et_pb_fullwidth_slider _builder_version=&#187;4.21.0&#8243; _module_preset=&#187;default&#187; global_colors_info=&#187;{}&#187;][et_pb_slide heading=&#187;Downloads&#187; _builder_version=&#187;4.21.0&#8243; _module_preset=&#187;default&#187; header_level=&#187;h1&#8243; header_font=&#187;|700|||||||&#187; header_font_size=&#187;90px&#187; background_image=&#187;https:\/\/tomcat.li\/wp-content\/uploads\/2023\/04\/2022-04-04-16-11-48-scaled.jpg&#187; background_enable_image=&#187;on&#187; global_colors_info=&#187;{}&#187; sticky_transition=&#187;on&#187;][\/et_pb_slide][\/et_pb_fullwidth_slider][\/et_pb_section][et_pb_section fb_built=&#187;1&#8243; _builder_version=&#187;4.21.0&#8243; _module_preset=&#187;default&#187; global_colors_info=&#187;{}&#187;][et_pb_row _builder_version=&#187;4.21.0&#8243; _module_preset=&#187;default&#187; hover_enabled=&#187;0&#8243; global_colors_info=&#187;{}&#187; sticky_enabled=&#187;0&#8243; divilife_use_password=&#187;on&#187; divilife_form_title=&#187;Um die Downloads zu sehen wird ein Passwort ben\u00f6tigt&#187; divilife_form_password=&#187;Palstek11&#8243; divilife_form_submit=&#187;Pr\u00fcfen&#187; divilife_form_error=&#187;Das Passwort ist falsch! Bitte erneut versuchen&#187; divilife_form_placeholder=&#187;Passwort eingeben&#187; divilife_form_color=&#187;#0C71C3&#8243;][et_pb_column type=&#187;4_4&#8243; _builder_version=&#187;4.21.0&#8243; _module_preset=&#187;default&#187; global_colors_info=&#187;{}&#187;][et_pb_text _builder_version=&#187;4.21.0&#8243; _module_preset=&#187;default&#187; global_colors_info=&#187;{}&#187;]<\/p>\n<h2>Formulare<\/h2>\n<p>[\/et_pb_text][et_pb_text _builder_version=&#187;4.21.0&#8243; _module_preset=&#187;default&#187; global_colors_info=&#187;{}&#187;]<\/p>\n<p>Da es, je nach Land, recht viel Paper-Work braucht, haben wir hier einige Formulare bereits erstellt. Diese k\u00f6nnt Ihr herunterladen und ausf\u00fcllen.<\/p>\n<p>[\/et_pb_text][et_pb_cta button_url=&#187;https:\/\/tomcat.li\/wp-content\/uploads\/2023\/05\/Crew-Anmeldung-Formular.pdf&#187; url_new_window=&#187;on&#187; button_text=&#187;Crew Anmeldung&#187; _builder_version=&#187;4.21.0&#8243; _module_preset=&#187;default&#187; use_background_color=&#187;off&#187; custom_button=&#187;on&#187; button_text_size=&#187;16px&#187; button_text_color=&#187;#0C71C3&#8243; button_icon=&#187;&#xf019;||fa||900&#8243; button_icon_placement=&#187;left&#187; button_on_hover=&#187;off&#187; button_alignment=&#187;left&#187; link_option_url_new_window=&#187;on&#187; global_colors_info=&#187;{}&#187;][\/et_pb_cta][et_pb_text _builder_version=&#187;4.21.0&#8243; _module_preset=&#187;default&#187; global_colors_info=&#187;{}&#187;]<\/p>\n<h2>Sonstige Dokumente<\/h2>\n<p>[\/et_pb_text][et_pb_text _builder_version=&#187;4.21.0&#8243; _module_preset=&#187;default&#187; global_colors_info=&#187;{}&#187;]<\/p>\n<p>Folgende Dokumente sind als Tipps, Empfehlungen, Vorschl\u00e4ge oder einfach nur als Info f\u00fcr Interessierte gedacht.<\/p>\n<p>[\/et_pb_text][et_pb_cta button_url=&#187;https:\/\/tomcat.li\/wp-content\/uploads\/2023\/05\/Crew-Info.pdf&#187; url_new_window=&#187;on&#187; button_text=&#187;Crew Info&#187; _builder_version=&#187;4.21.0&#8243; _module_preset=&#187;default&#187; use_background_color=&#187;off&#187; custom_button=&#187;on&#187; button_text_size=&#187;16px&#187; button_text_color=&#187;#0C71C3&#8243; button_icon=&#187;&#xf019;||fa||900&#8243; button_icon_placement=&#187;left&#187; button_on_hover=&#187;off&#187; button_alignment=&#187;left&#187; hover_enabled=&#187;0&#8243; global_colors_info=&#187;{}&#187; sticky_enabled=&#187;0&#8243;][\/et_pb_cta][et_pb_cta button_url=&#187;https:\/\/tomcat.li\/wp-content\/uploads\/2023\/05\/Beispiel-Packliste-Formular.pdf&#187; url_new_window=&#187;on&#187; button_text=&#187;Beispiel Packliste&#187; _builder_version=&#187;4.21.0&#8243; _module_preset=&#187;default&#187; use_background_color=&#187;off&#187; custom_button=&#187;on&#187; button_text_size=&#187;16px&#187; button_text_color=&#187;#0C71C3&#8243; button_icon=&#187;&#xf019;||fa||900&#8243; button_icon_placement=&#187;left&#187; button_on_hover=&#187;off&#187; button_alignment=&#187;left&#187; global_colors_info=&#187;{}&#187;][\/et_pb_cta][\/et_pb_column][\/et_pb_row][\/et_pb_section]<\/p>\n","protected":false},"excerpt":{"rendered":"<p>FormulareDa es, je nach Land, recht viel Paper-Work braucht, haben wir hier einige Formulare bereits erstellt. Diese k\u00f6nnt Ihr herunterladen und ausf\u00fcllen.Sonstige DokumenteFolgende Dokumente sind als Tipps, Empfehlungen, Vorschl\u00e4ge oder einfach nur als Info f\u00fcr Interessierte gedacht.<\/p>\n","protected":false},"author":1,"featured_media":0,"parent":0,"menu_order":0,"comment_status":"closed","ping_status":"closed","template":"","meta":{"_et_pb_use_builder":"on","_et_pb_old_content":"","_et_gb_content_width":"","footnotes":""},"class_list":["post-282","page","type-page","status-publish","hentry"],"_links":{"self":[{"href":"https:\/\/tomcat.li\/index.php\/wp-json\/wp\/v2\/pages\/282","targetHints":{"allow":["GET"]}}],"collection":[{"href":"https:\/\/tomcat.li\/index.php\/wp-json\/wp\/v2\/pages"}],"about":[{"href":"https:\/\/tomcat.li\/index.php\/wp-json\/wp\/v2\/types\/page"}],"author":[{"embeddable":true,"href":"https:\/\/tomcat.li\/index.php\/wp-json\/wp\/v2\/users\/1"}],"replies":[{"embeddable":true,"href":"https:\/\/tomcat.li\/index.php\/wp-json\/wp\/v2\/comments?post=282"}],"version-history":[{"count":9,"href":"https:\/\/tomcat.li\/index.php\/wp-json\/wp\/v2\/pages\/282\/revisions"}],"predecessor-version":[{"id":300,"href":"https:\/\/tomcat.li\/index.php\/wp-json\/wp\/v2\/pages\/282\/revisions\/300"}],"wp:attachment":[{"href":"https:\/\/tomcat.li\/index.php\/wp-json\/wp\/v2\/media?parent=282"}],"curies":[{"name":"wp","href":"https:\/\/api.w.org\/{rel}","templated":true}]}}