{"id":26,"date":"2023-04-17T16:16:20","date_gmt":"2023-04-17T16:16:20","guid":{"rendered":"https:\/\/tomcat.li\/?page_id=26"},"modified":"2023-04-23T10:09:24","modified_gmt":"2023-04-23T10:09:24","slug":"crew","status":"publish","type":"page","link":"https:\/\/tomcat.li\/index.php\/crew\/","title":{"rendered":"Crew"},"content":{"rendered":"<p>[et_pb_section fb_built=&#187;1&#8243; fullwidth=&#187;on&#187; _builder_version=&#187;4.13.0&#8243; _module_preset=&#187;default&#187; global_colors_info=&#187;{}&#187;][et_pb_fullwidth_slider show_arrows=&#187;off&#187; show_pagination=&#187;off&#187; admin_label=&#187;Fullwidth Slider&#187; _builder_version=&#187;4.13.0&#8243; _module_preset=&#187;default&#187; global_colors_info=&#187;{}&#187;][et_pb_slide heading=&#187;Die Crew&#187; _builder_version=&#187;4.13.0&#8243; _module_preset=&#187;default&#187; header_level=&#187;h1&#8243; header_font=&#187;|700|||||||&#187; header_font_size=&#187;90px&#187; background_image=&#187;https:\/\/tomcat.li\/wp-content\/uploads\/2023\/04\/2022-04-04-16-11-48-scaled.jpg&#187; background_enable_image=&#187;on&#187; custom_padding=&#187;80px||||false|false&#187; global_colors_info=&#187;{}&#187; sticky_transition=&#187;on&#187;][\/et_pb_slide][\/et_pb_fullwidth_slider][\/et_pb_section][et_pb_section fb_built=&#187;1&#8243; _builder_version=&#187;4.13.0&#8243; _module_preset=&#187;default&#187; global_colors_info=&#187;{}&#187;][et_pb_row _builder_version=&#187;4.13.0&#8243; _module_preset=&#187;default&#187; global_colors_info=&#187;{}&#187;][et_pb_column type=&#187;4_4&#8243; _builder_version=&#187;4.13.0&#8243; _module_preset=&#187;default&#187; global_colors_info=&#187;{}&#187;][et_pb_text _builder_version=&#187;4.13.0&#8243; _module_preset=&#187;default&#187; text_font_size=&#187;17px&#187; global_colors_info=&#187;{}&#187;]<\/p>\n<p>Eine kurze Vorstellungsrunde der Crew.<\/p>\n<p>[\/et_pb_text][\/et_pb_column][\/et_pb_row][et_pb_row _builder_version=&#187;4.13.0&#8243; _module_preset=&#187;default&#187; global_colors_info=&#187;{}&#187;][et_pb_column type=&#187;4_4&#8243; _builder_version=&#187;4.13.0&#8243; _module_preset=&#187;default&#187; global_colors_info=&#187;{}&#187;][et_pb_team_member name=&#187;Tomcat&#187; position=&#187;Catamaran&#187; image_url=&#187;https:\/\/tomcat.li\/wp-content\/uploads\/2023\/04\/lagoon-46-profil-3.jpg&#187; _builder_version=&#187;4.13.0&#8243; _module_preset=&#187;default&#187; global_colors_info=&#187;{}&#187;]<\/p>\n<p>Tomcat ist ein Katamaran der Marke Lagoon. Genauer gesagt eine Lagoon 46.<\/p>\n<p>Hier einige Eckdaten:<\/p>\n<ul>\n<li>Kabinen: 3<\/li>\n<li>L\u00e4nge \u00fcber Alles: 14,5 m<\/li>\n<li>Breite \u00fcber Alles: 7,96 m<\/li>\n<li>Tiefgang: 1,35 m<\/li>\n<li>Masth\u00f6he: 23,21 m<\/li>\n<li>Motoren: 2 x 57 PS Yanmar<\/li>\n<li>Dieseltank: 2 x 520 l<\/li>\n<li>Frischwassertank: 2 x 300 l<\/li>\n<\/ul>\n<p>[\/et_pb_team_member][et_pb_team_member name=&#187;Thomas Feldmann&#187; position=&#187;Captain&#187; image_url=&#187;https:\/\/tomcat.li\/wp-content\/uploads\/2023\/04\/Thomas-Profile-scaled.jpg&#187; _builder_version=&#187;4.13.0&#8243; _module_preset=&#187;default&#187; hover_enabled=&#187;0&#8243; global_colors_info=&#187;{}&#187; title_text=&#187;Thomas Profile&#187; sticky_enabled=&#187;0&#8243;]<\/p>\n<p>Thomas ist der Eigner und Captain von Tomcat.<\/p>\n<p>Mit diesem Katamaran hat er sich einen lang ersehnten Traum erf\u00fcllt.<\/p>\n<p>Schon seit gut 15 Jahren geht er mind. einmal im Jahr segeln. Er hat bereits viel Erfahrung gesammelt.<br \/>Haupts\u00e4chlich in den Gebieten Mittelmeer (Italien, Griechenland), Schweden und in den Bahamas.<br \/>Aber auch schon in den BVI&#8217;s (British Virgin Islands) und USVI&#8217;s (United States Virgin Islands).<\/p>\n<p>Mit Tomcat ist das Ziel, die bereits bekannten Gebiete noch genauer zu erkunden und aber auch viele Neue zu entdecken.<\/p>\n<p>[\/et_pb_team_member][et_pb_team_member name=&#187;Alexandra Venturini&#187; position=&#187;Dinghy Captain&#187; image_url=&#187;https:\/\/tomcat.li\/wp-content\/uploads\/2023\/04\/2022-03-29-14-47-26-scaled.jpg&#187; _builder_version=&#187;4.13.0&#8243; _module_preset=&#187;default&#187; global_colors_info=&#187;{}&#187;]<\/p>\n<p>Alexandra hatte bis vor 5 Jahren \u00fcberhaupt nichts mit Segeln am Hut.<\/p>\n<p>Dank Thomas hat sie aber die Freude am Segeln entdeckt.<\/p>\n<p>Ende 2022 noch schnell die Segel- und Hochsee-Pr\u00fcfung gemacht, ist sie nun auch ready f\u00fcr die grosse Reise.<\/p>\n<p>Am meisten freut sie sich auf die Karibik. Obwohl das Mittelmeer auch sch\u00f6n sein soll.<\/p>\n<p>[\/et_pb_team_member][\/et_pb_column][\/et_pb_row][\/et_pb_section]<\/p>\n","protected":false},"excerpt":{"rendered":"<p>Eine kurze Vorstellungsrunde der Crew.Tomcat ist ein Katamaran der Marke Lagoon. Genauer gesagt eine Lagoon 46. Hier einige Eckdaten: Kabinen: 3 L\u00e4nge \u00fcber Alles: 14,5 m Breite \u00fcber Alles: 7,96 m Tiefgang: 1,35 m Masth\u00f6he: 23,21 m Motoren: 2 x 57 PS Yanmar Dieseltank: 2 x 520 l Frischwassertank: 2 x 300 l Thomas ist [&hellip;]<\/p>\n","protected":false},"author":1,"featured_media":0,"parent":0,"menu_order":0,"comment_status":"closed","ping_status":"closed","template":"","meta":{"_et_pb_use_builder":"on","_et_pb_old_content":"","_et_gb_content_width":"","footnotes":""},"class_list":["post-26","page","type-page","status-publish","hentry"],"_links":{"self":[{"href":"https:\/\/tomcat.li\/index.php\/wp-json\/wp\/v2\/pages\/26","targetHints":{"allow":["GET"]}}],"collection":[{"href":"https:\/\/tomcat.li\/index.php\/wp-json\/wp\/v2\/pages"}],"about":[{"href":"https:\/\/tomcat.li\/index.php\/wp-json\/wp\/v2\/types\/page"}],"author":[{"embeddable":true,"href":"https:\/\/tomcat.li\/index.php\/wp-json\/wp\/v2\/users\/1"}],"replies":[{"embeddable":true,"href":"https:\/\/tomcat.li\/index.php\/wp-json\/wp\/v2\/comments?post=26"}],"version-history":[{"count":6,"href":"https:\/\/tomcat.li\/index.php\/wp-json\/wp\/v2\/pages\/26\/revisions"}],"predecessor-version":[{"id":99,"href":"https:\/\/tomcat.li\/index.php\/wp-json\/wp\/v2\/pages\/26\/revisions\/99"}],"wp:attachment":[{"href":"https:\/\/tomcat.li\/index.php\/wp-json\/wp\/v2\/media?parent=26"}],"curies":[{"name":"wp","href":"https:\/\/api.w.org\/{rel}","templated":true}]}}