{"id":183,"date":"2023-05-13T20:25:18","date_gmt":"2023-05-13T20:25:18","guid":{"rendered":"https:\/\/tomcat.li\/?page_id=183"},"modified":"2026-03-16T00:01:40","modified_gmt":"2026-03-16T00:01:40","slug":"route","status":"publish","type":"page","link":"https:\/\/tomcat.li\/index.php\/route\/","title":{"rendered":"Route"},"content":{"rendered":"<p>[et_pb_section fb_built=&#187;1&#8243; fullwidth=&#187;on&#187; _builder_version=&#187;4.21.0&#8243; _module_preset=&#187;default&#187; global_colors_info=&#187;{}&#187;][et_pb_fullwidth_slider _builder_version=&#187;4.21.0&#8243; _module_preset=&#187;default&#187; global_colors_info=&#187;{}&#187;][et_pb_slide heading=&#187;Die Route&#187; _builder_version=&#187;4.21.0&#8243; _module_preset=&#187;default&#187; header_level=&#187;h1&#8243; header_font=&#187;|700|||||||&#187; header_font_size=&#187;90px&#187; background_image=&#187;https:\/\/tomcat.li\/wp-content\/uploads\/2023\/04\/2022-04-04-16-11-48-scaled.jpg&#187; background_enable_image=&#187;on&#187; header_text_color_tablet=&#187;&#187; header_text_color_phone=&#187;&#187; header_text_color_last_edited=&#187;on|desktop&#187; global_colors_info=&#187;{}&#187; sticky_transition=&#187;on&#187;][\/et_pb_slide][\/et_pb_fullwidth_slider][\/et_pb_section][et_pb_section fb_built=&#187;1&#8243; _builder_version=&#187;4.21.0&#8243; _module_preset=&#187;default&#187; global_colors_info=&#187;{}&#187;][et_pb_row _builder_version=&#187;4.21.0&#8243; _module_preset=&#187;default&#187; global_colors_info=&#187;{}&#187;][et_pb_column type=&#187;4_4&#8243; _builder_version=&#187;4.21.0&#8243; _module_preset=&#187;default&#187; global_colors_info=&#187;{}&#187;][et_pb_text _builder_version=&#187;4.21.0&#8243; _module_preset=&#187;default&#187; global_colors_info=&#187;{}&#187;]<\/p>\n<h2>Geplante Route<\/h2>\n<p>[\/et_pb_text][et_pb_text _builder_version=&#187;4.27.4&#8243; _module_preset=&#187;default&#187; global_colors_info=&#187;{}&#187;]In der Karte sind zwei geplante Routen eingetragen. Das sind nur sehr grobe Routen. Wenn wir dann unterwegs sind wird es eine Karte mit der effektiv gefahrenen Route geben. Die Standort-Markierungen markieren geplannte Stopps. Es werden sicher noch mehr dazukommen. Wie gesagt, im Moment ist alles noch seeehr grob geplant.<\/p>\n<p>Die rote Route ist die erste, sie startet in Les Sables-d&#8217;Olonne, f\u00fchrt ins Mittelmeer und dann auf die Kanarischen Inseln.<\/p>\n<p>Hier startet die gr\u00fcne Route.<br \/>\nAnfangs November m\u00fcssen wir da sein, denn dann startet von da die ARC+. Was soviel heisst wie &#171;Atlantic Rally for Cruisers&#187;.<br \/>\nDas ist ein &#171;Rennen&#187; von den Kanarischen Inseln in die Karibik. Die ARC startet in Gran Canaria und geht direkt nach Saint Lucia. Die ARC+ startet ebenfalls in Gran Canaria, aber es wird auf Kap Verde ein Stop eingelegt, bevor es weitergeht nach Grenada.<\/p>\n<p>Es heisst zwar Rally, aber es ist nicht wirklich ein Rennen. Die gemeinsamen Aktivit\u00e4ten vor und dach dem Rennen stehen eher im Vordergrund. Und evtl. trifft man sich unterwegs. Wer weiss.<\/p>\n<p>Hier noch ein Link zur Webseite der ARC und ARC+: <a href=\"https:\/\/www.worldcruising.com\/arc_plus\/arcplus_itinerary.aspx\" target=\"_blank\" rel=\"noopener\">ARC und ARC+<\/a><\/p>\n<p><span style=\"text-decoration: line-through;\">Update (06.09.2023): Es war geplant, mit der ARC+ 2023 in die Karibik \u00fcberzusetzen, aber leider ist sie bereits ausgebucht. Wir haben uns entschieden, dass wir nun auf eigene Faust in die Karibik segeln werden. So wie&#8217;s aussieht werden wir fachm\u00e4nnische Unterst\u00fctzung dabei haben. <a style=\"color: #0000ff; text-decoration: line-through;\">\ud83d\ude07<\/a><\/span><br \/>\n<span style=\"text-decoration: line-through;\">Weitere Infos folgen.<\/span><\/p>\n<p><span style=\"text-decoration: line-through;\">Update (18.10.2023): Wie im <a href=\"https:\/\/tomcat.li\/index.php\/2023\/10\/18\/18-oktober-2023-ginesta-spanien\/\">Blog-Beitrag vom 18. Oktober 2023<\/a> beschrieben, haben sich unsere Pl\u00e4ne schon wieder ge\u00e4ndert. Aufgrund von technischen bzw. organisatorischen Problemen verz\u00f6gert sich Alles. Daher verschieben wir unsere Transatlantik-Fahrt auf November 2024.<br \/>\nDie rote Route fahren wir noch dieses Jahr (2023) zu Ende. Das heisst, von Ginesta nach Sizilien.<br \/>\nN\u00e4chstes Jahr (2024) im Juni startet dann die blaue Route. Von Sizilien geht&#8217;s hoch nach Venedig und dann der kroatischen K\u00fcste entlang wieder in den S\u00fcden. Anschliessend geht&#8217;s dann auf die Kanarischen Inseln. Wo wir dann evtl. mit der oben beschriebenen ARC+ fahren.<\/span><\/p>\n<p><span style=\"text-decoration: line-through;\">Update (30.10.2023): Weitere Verz\u00f6gerungen haben zu erneuten Anpassung der Route gef\u00fchrt. TomCAT wird nun \u00fcber den Winter, d.h. bis ca. M\u00e4rz 2024 hier in Port Ginesta bleiben. Thomas und ich m\u00fcssen zur\u00fcck in die Schweiz, aufr\u00e4umen etc. <a>\ud83d\ude1c<\/a><br \/>\nUnd gehen ja dann nach Australien bis Ende Mai 2024. W\u00e4hrenddessen wird TomCAT nach Kroatien gefahren (violette Route). Dort wird es noch mehr Umbauten geben. Bevor wir dann von Kroatien \u00fcber die T\u00fcrkei und Gibraltar dann die blaue Route in die Kanaren nehmen werden.<br \/>\nDenn wir sind f\u00fcr die ARC+ 2024 angemeldet! <a>\ud83d\ude01<\/a><br \/>\nDie gr\u00fcne Route f\u00fchrt uns dann am 10. November 2024 \u00fcber Kap Verde in die Karibik.<\/span><\/p>\n<p><span style=\"text-decoration: line-through;\">Update (14.06.2024): Wie immer, klappt es nicht so wie geplant. Aufgrund von viel zu langen Antwortzeiten, zu teurer Offerte und sonstigen zeitlichen Problemen wurde TomCAT nicht nach Kroatien gefahren. Im Juli 2024 werden wir selber in Port Ginesta die wichtigsten Dinge erledigen und dann (hoffentlich) Anfang August nach Gibraltar starten. Nach kurzer Pause dort geht&#8217;s auch schon auf die Kanarischen Inseln. Dort warten wir auf den Start der ARC+ (gr\u00fcne Route) Anfangs November.\u00a0<a>\ud83d\ude01<\/a>\u00a0<\/span><\/p>\n<p><span style=\"color: #0000ff;\">Update (14.01.2025): Das Update kommt zwar ein bisschen sp\u00e4t. Aber besser als nie. <a>&#128519;<\/a><br \/>\nAm 7. Dezember sind wir in Grenada und somit der Karibik angekommen. Der weitere Plan ist in die Bahamas hoch zu segeln. Auf dem Weg dahin aber noch diverse Karibik-Inseln wie St. Lucia, Martinique, Guadeloupe, Antigua, Barbuda, BVIs, USVIs, Puerto Rico und evtl. Dominikanische Republik zu besuchen.<br \/>\nMitte Februar sind wir sicher auf den BVIs (British Virgin Islands). Der Zeitplan f\u00fcr danach existiert noch nicht. <a>&#128513;<\/a><\/span>[\/et_pb_text][et_pb_code _builder_version=&#187;4.21.0&#8243; _module_preset=&#187;default&#187; global_colors_info=&#187;{}&#187;]<iframe loading=\"lazy\" src=\"https:\/\/www.google.com\/maps\/d\/u\/1\/embed?mid=1-_fDT1haHi_2hFrEVuIxbbiq8ti2bb0&#038;ehbc=2E312F\" width=\"1200\" height=\"700\"><\/iframe>[\/et_pb_code][\/et_pb_column][\/et_pb_row][et_pb_row _builder_version=&#187;4.21.0&#8243; _module_preset=&#187;default&#187; global_colors_info=&#187;{}&#187;][et_pb_column type=&#187;4_4&#8243; _builder_version=&#187;4.21.0&#8243; _module_preset=&#187;default&#187; global_colors_info=&#187;{}&#187;][\/et_pb_column][\/et_pb_row][et_pb_row _builder_version=&#187;4.21.0&#8243; _module_preset=&#187;default&#187; global_colors_info=&#187;{}&#187;][et_pb_column type=&#187;4_4&#8243; _builder_version=&#187;4.21.0&#8243; _module_preset=&#187;default&#187; global_colors_info=&#187;{}&#187;][et_pb_text _builder_version=&#187;4.21.0&#8243; _module_preset=&#187;default&#187; global_colors_info=&#187;{}&#187;]<\/p>\n<h2>Effektive Route<\/h2>\n<p>[\/et_pb_text][et_pb_text _builder_version=&#187;4.27.4&#8243; _module_preset=&#187;default&#187; hover_enabled=&#187;0&#8243; global_colors_info=&#187;{}&#187; sticky_enabled=&#187;0&#8243;]<\/p>\n<p>Wir sind gestartet! <a>\ud83d\ude0e<\/a><\/p>\n<p>Die Route mit den orangen Start- und End-Punkten bzw. blauen Anker-Symbolen ist unsere effektiv gefahrene Strecke.<\/p>\n<p>Bedeutung der Farben:<br \/>Blau \u21d2 TomCAT 2023<br \/>Duneklrot \u21d2 TomCAT 2024<br \/>Violett \u21d2 Wandern<br \/>Olive-Gr\u00fcn \u21d2 ARC+ 2024<br \/>Gr\u00fcn \u21d2 TomCAT 2025<br \/>Marine-Blau \u21d2 TomCAT 2026<\/p>\n<p>[\/et_pb_text][et_pb_code _builder_version=&#187;4.21.0&#8243; _module_preset=&#187;default&#187; global_colors_info=&#187;{}&#187;]<iframe loading=\"lazy\" src=\"https:\/\/www.google.com\/maps\/d\/u\/1\/embed?mid=10paRxn1FcHalAM8BZ9jM8-FIrcLYWes&#038;ehbc=2E312F\" width=\"1200\" height=\"700\"><\/iframe>[\/et_pb_code][\/et_pb_column][\/et_pb_row][\/et_pb_section]<\/p>\n","protected":false},"excerpt":{"rendered":"<p>Geplante RouteIn der Karte sind zwei geplante Routen eingetragen. Das sind nur sehr grobe Routen. Wenn wir dann unterwegs sind wird es eine Karte mit der effektiv gefahrenen Route geben. Die Standort-Markierungen markieren geplannte Stopps. Es werden sicher noch mehr dazukommen. Wie gesagt, im Moment ist alles noch seeehr grob geplant. Die rote Route ist [&hellip;]<\/p>\n","protected":false},"author":1,"featured_media":0,"parent":0,"menu_order":0,"comment_status":"closed","ping_status":"closed","template":"","meta":{"_et_pb_use_builder":"on","_et_pb_old_content":"","_et_gb_content_width":"","footnotes":""},"class_list":["post-183","page","type-page","status-publish","hentry"],"_links":{"self":[{"href":"https:\/\/tomcat.li\/index.php\/wp-json\/wp\/v2\/pages\/183","targetHints":{"allow":["GET"]}}],"collection":[{"href":"https:\/\/tomcat.li\/index.php\/wp-json\/wp\/v2\/pages"}],"about":[{"href":"https:\/\/tomcat.li\/index.php\/wp-json\/wp\/v2\/types\/page"}],"author":[{"embeddable":true,"href":"https:\/\/tomcat.li\/index.php\/wp-json\/wp\/v2\/users\/1"}],"replies":[{"embeddable":true,"href":"https:\/\/tomcat.li\/index.php\/wp-json\/wp\/v2\/comments?post=183"}],"version-history":[{"count":15,"href":"https:\/\/tomcat.li\/index.php\/wp-json\/wp\/v2\/pages\/183\/revisions"}],"predecessor-version":[{"id":8877,"href":"https:\/\/tomcat.li\/index.php\/wp-json\/wp\/v2\/pages\/183\/revisions\/8877"}],"wp:attachment":[{"href":"https:\/\/tomcat.li\/index.php\/wp-json\/wp\/v2\/media?parent=183"}],"curies":[{"name":"wp","href":"https:\/\/api.w.org\/{rel}","templated":true}]}}